{"id":1162,"date":"2025-06-27T10:02:21","date_gmt":"2025-06-27T08:02:21","guid":{"rendered":"https:\/\/mellt.de\/?page_id=1162"},"modified":"2025-06-27T10:11:57","modified_gmt":"2025-06-27T08:11:57","slug":"barrierefrei","status":"publish","type":"page","link":"https:\/\/mellt.de\/de\/barrierefrei\/","title":{"rendered":"Barrierefreiheit"},"content":{"rendered":"\n<h2 class=\"wp-block-heading\">Erkl\u00e4rung zur Barrierefreiheit<\/h2>\n\n\n\n<h2 class=\"wp-block-heading\"><strong>Geltungsbereich:<\/strong><\/h2>\n\n\n\n<p>Diese Erkl\u00e4rung gilt f\u00fcr folgende Website:<br><a href=\"https:\/\/mellt.de\/\">https:\/\/mellt.de\/<\/a><\/p>\n\n\n\n<h2 class=\"wp-block-heading\"><strong>Anbieter:<\/strong><\/h2>\n\n\n\n<p>Name: Prof. Dr. Susanne Heinz<br>Adresse: <\/p>\n\n\n\n<h2 class=\"wp-block-heading\"><strong>Stand der Barrierefreiheit:<\/strong><\/h2>\n\n\n\n<p>Die Website ist weitgehend barrierefrei gestaltet. Es kann jedoch vereinzelt zu kleineren Einschr\u00e4nkungen kommen.<\/p>\n\n\n\n<h2 class=\"wp-block-heading\"><strong>Hinweis zur gesetzlichen Ausnahme:<\/strong><\/h2>\n\n\n\n<p>Als selbstst\u00e4ndig t\u00e4tige Dienstleisterin f\u00e4llt mein Angebot unter die Ausnahmeregelung f\u00fcr Kleinstunternehmen nach dem Barrierefreiheitsst\u00e4rkungsgesetz (BFSG).<\/p>\n\n\n\n<h2 class=\"wp-block-heading\"><strong>Markt\u00fcberwachungsbeh\u00f6rde:<\/strong><\/h2>\n\n\n\n<p>Markt\u00fcberwachungsstelle der L\u00e4nder f\u00fcr die Barrierefreiheit von Produkten und Dienstleistungen (MLBF)<br>c\/o Ministerium f\u00fcr Arbeit, Soziales, Gesundheit und Gleichstellung Sachsen-Anhalt<br>Postfach 39 11 55<br>39135 Magdeburg<\/p>\n\n\n\n<h2 class=\"wp-block-heading\"><strong>Feedback und Kontakt:<\/strong><\/h2>\n\n\n\n<p>Sollten Ihnen Barrieren auffallen oder haben Sie Hinweise zur Verbesserung der Barrierefreiheit, nehmen Sie bitte direkt Kontakt auf:<\/p>\n\n\n\n<p>E-Mail: susanne.heinz@heinz-susanne.de<a href=\"javascript:;\"><\/a><br>Telefon: <\/p>\n\n\n\n<h2 class=\"wp-block-heading\"><strong>Erstellungsdatum:<\/strong><\/h2>\n\n\n\n<p>26.06.2025<br><\/p>\n","protected":false},"excerpt":{"rendered":"<p>Erkl\u00e4rung zur Barrierefreiheit Geltungsbereich: Diese Erkl\u00e4rung gilt f\u00fcr folgende Website:https:\/\/mellt.de\/ Anbieter: Name: Prof. Dr. Susanne HeinzAdresse: Stand der Barrierefreiheit: Die Website ist weitgehend barrierefrei gestaltet. Es kann jedoch vereinzelt zu kleineren Einschr\u00e4nkungen kommen. Hinweis zur gesetzlichen Ausnahme: Als selbstst\u00e4ndig t\u00e4tige Dienstleisterin f\u00e4llt mein Angebot unter die Ausnahmeregelung f\u00fcr Kleinstunternehmen nach dem Barrierefreiheitsst\u00e4rkungsgesetz (BFSG). Markt\u00fcberwachungsbeh\u00f6rde: Markt\u00fcberwachungsstelle&#8230;<\/p>\n","protected":false},"author":1,"featured_media":0,"parent":0,"menu_order":97,"comment_status":"closed","ping_status":"closed","template":"","meta":{"_kad_blocks_custom_css":"","_kad_blocks_head_custom_js":"","_kad_blocks_body_custom_js":"","_kad_blocks_footer_custom_js":"","_kad_post_transparent":"","_kad_post_title":"","_kad_post_layout":"","_kad_post_sidebar_id":"","_kad_post_content_style":"","_kad_post_vertical_padding":"","_kad_post_feature":"","_kad_post_feature_position":"","_kad_post_header":false,"_kad_post_footer":false,"_kad_post_classname":"","footnotes":""},"class_list":["post-1162","page","type-page","status-publish","hentry"],"taxonomy_info":[],"featured_image_src_large":false,"author_info":{"display_name":"SiteAdmin","author_link":"https:\/\/mellt.de\/de\/author\/sbx1gbz6n\/"},"comment_info":0,"_links":{"self":[{"href":"https:\/\/mellt.de\/de\/wp-json\/wp\/v2\/pages\/1162","targetHints":{"allow":["GET"]}}],"collection":[{"href":"https:\/\/mellt.de\/de\/wp-json\/wp\/v2\/pages"}],"about":[{"href":"https:\/\/mellt.de\/de\/wp-json\/wp\/v2\/types\/page"}],"author":[{"embeddable":true,"href":"https:\/\/mellt.de\/de\/wp-json\/wp\/v2\/users\/1"}],"replies":[{"embeddable":true,"href":"https:\/\/mellt.de\/de\/wp-json\/wp\/v2\/comments?post=1162"}],"version-history":[{"count":1,"href":"https:\/\/mellt.de\/de\/wp-json\/wp\/v2\/pages\/1162\/revisions"}],"predecessor-version":[{"id":1163,"href":"https:\/\/mellt.de\/de\/wp-json\/wp\/v2\/pages\/1162\/revisions\/1163"}],"wp:attachment":[{"href":"https:\/\/mellt.de\/de\/wp-json\/wp\/v2\/media?parent=1162"}],"curies":[{"name":"wp","href":"https:\/\/api.w.org\/{rel}","templated":true}]}}