{"id":1202,"date":"2025-08-07T17:06:43","date_gmt":"2025-08-07T15:06:43","guid":{"rendered":"https:\/\/mellt.de\/?page_id=1202"},"modified":"2025-08-07T17:07:07","modified_gmt":"2025-08-07T15:07:07","slug":"explainer-videos-in-the-efl-classroom-ein-workshop-mit-melanie-borchers","status":"publish","type":"page","link":"https:\/\/mellt.de\/de\/veranstaltungen\/explainer-videos-in-the-efl-classroom-ein-workshop-mit-melanie-borchers\/","title":{"rendered":"Explainer Videos in the EFL Classroom \u2013 ein Workshop mit Melanie Borchers"},"content":{"rendered":"\n<p>Von Alexander Koch<\/p>\n\n\n\n<p>Am Freitag, den 25.11.2022, durften wir erneut IQSH-Studienleitung und Lehrkraft Melanie Borchers an der CAU begr\u00fc\u00dfen. Wie auch im vergangenen Semester hat Frau Borchers f\u00fcr die Studierenden in der Fachdidaktik Englisch einen Workshop angeleitet, in dem es um die Erstellung von Erkl\u00e4rvideos im und f\u00fcr den Englischunterricht ging. Gleich zu Beginn verwies Melanie Borchers auf die Relevanz von Videos im Alltag der Sch\u00fclerinnen und Sch\u00fcler. Laut der bekannten JIM-Studie schauen 90% der Jugendlichen in Deutschland t\u00e4glich oder mehrmals die Woche Videos auf g\u00e4ngigen Internetplattformen wie YouTube. Videos werden aber von den Jugendlichen nicht nur aus privatem Interesse angeschaut, sondern auch zum Lernen f\u00fcr die Schule genutzt und gerade fremdsprachige (meist englischsprachige) Videos geh\u00f6ren zu den beliebtesten YouTube-Genres.<\/p>\n\n\n\n<p>Die Produktion eigener Lehr- und Lernvideos, sei es durch die Lehrenden als auch durch die Lernenden, f\u00f6rdert die zunehmend auch in den f\u00e4cher\u00fcbergreifenden Bildungsstandards an Bedeutung gewinnende Medienkompetenz. Da die meisten Sch\u00fclerinnen und Sch\u00fcler mit ihren Smartphones praktischerweise hochwertige Bild- und Tonaufnahmeger\u00e4te in ihren Taschen tragen, ist die Schwelle f\u00fcr die Produktion von Videos heutzutage sehr niedrig. Des Weiteren bietet die Erstellung von Erkl\u00e4rvideos einen authentischen und gewinnbringenden Sprechanlass f\u00fcr die Lernenden.<\/p>\n\n\n\n<p>Dank des neuen hybriden Unterrichtskonzepts der Fachdidaktik Englisch war nicht nur eine Teilnahme in Pr\u00e4senz m\u00f6glich, sondern 10 Studierenden konnte so ferner die M\u00f6glichkeit gegeben werden, online am Workshop teilzunehmen. Die \u00dcbertragung erfolgte \u00fcber ein Konferenzsystem, durch das die Online-Teilnehmenden nahtlos dem Vortrag folgen, mit den physisch Anwesenden kommunizieren, sich an Gespr\u00e4chsphasen beteiligen und Ergebnisse vorstellen konnten. Begleitet von theoretischem Input wurden kollaborativ G\u00fctekriterien von Erkl\u00e4rvideos herausgearbeitet und diskutiert. Anschlie\u00dfend wurde der Prozess der Videoproduktion in Verbindung mit praktischen Beispielen f\u00fcr den zuk\u00fcnftigen Unterricht erl\u00e4utert. Ein besonderer Fokus lag dabei auch auf rechtlichen Fragen bei der Ver\u00f6ffentlichung von Videos, da hier sowohl das Urheberrecht als auch das Pers\u00f6nlichkeitsrecht und der Datenschutz zu beachten sind. Damit fand eine wichtige Sensibilisierung der Studierenden in Bezug auf den rechtssicheren Umgang mit Lehr- und Lernmaterialien statt, was wiederum ein wichtiges Ziel unseres Projekts darstellt. Zur Unterst\u00fctzung empfahl Frau Borchers den Teilnehmenden eine Reihe hilfreicher Tools und Quellen f\u00fcr offen lizensierte Bilder und Tonaufnahmen<\/p>\n\n\n\n<p>In der abschlie\u00dfenden Phase hatten die Teilnehmenden Zeit unter Bezug auf das zuvor Erlernte selbstst\u00e4ndig ein Tool ihrer Wahl in Kleingruppen zu testen und R\u00fcckfragen zu stellen. Dabei wurden kurze Sequenzen zu einem Thema ihrer Wahl erstellt. Mit neuem Wissen, Ideen und Erfahrungen sind die Teilnehmenden nun gut ger\u00fcstet, Erkl\u00e4rvideos f\u00fcr und mit Sch\u00fclerinnen und Sch\u00fclern zu produzieren.<\/p>\n","protected":false},"excerpt":{"rendered":"<p>Von Alexander Koch Am Freitag, den 25.11.2022, durften wir erneut IQSH-Studienleitung und Lehrkraft Melanie Borchers an der CAU begr\u00fc\u00dfen. Wie auch im vergangenen Semester hat Frau Borchers f\u00fcr die Studierenden in der Fachdidaktik Englisch einen Workshop angeleitet, in dem es um die Erstellung von Erkl\u00e4rvideos im und f\u00fcr den Englischunterricht ging. Gleich zu Beginn verwies&#8230;<\/p>\n","protected":false},"author":1,"featured_media":0,"parent":246,"menu_order":252,"comment_status":"closed","ping_status":"closed","template":"","meta":{"_kad_blocks_custom_css":"","_kad_blocks_head_custom_js":"","_kad_blocks_body_custom_js":"","_kad_blocks_footer_custom_js":"","_kad_post_transparent":"","_kad_post_title":"","_kad_post_layout":"","_kad_post_sidebar_id":"","_kad_post_content_style":"","_kad_post_vertical_padding":"","_kad_post_feature":"","_kad_post_feature_position":"","_kad_post_header":false,"_kad_post_footer":false,"_kad_post_classname":"","footnotes":""},"class_list":["post-1202","page","type-page","status-publish","hentry"],"taxonomy_info":[],"featured_image_src_large":false,"author_info":{"display_name":"SiteAdmin","author_link":"https:\/\/mellt.de\/de\/author\/sbx1gbz6n\/"},"comment_info":0,"_links":{"self":[{"href":"https:\/\/mellt.de\/de\/wp-json\/wp\/v2\/pages\/1202","targetHints":{"allow":["GET"]}}],"collection":[{"href":"https:\/\/mellt.de\/de\/wp-json\/wp\/v2\/pages"}],"about":[{"href":"https:\/\/mellt.de\/de\/wp-json\/wp\/v2\/types\/page"}],"author":[{"embeddable":true,"href":"https:\/\/mellt.de\/de\/wp-json\/wp\/v2\/users\/1"}],"replies":[{"embeddable":true,"href":"https:\/\/mellt.de\/de\/wp-json\/wp\/v2\/comments?post=1202"}],"version-history":[{"count":1,"href":"https:\/\/mellt.de\/de\/wp-json\/wp\/v2\/pages\/1202\/revisions"}],"predecessor-version":[{"id":1203,"href":"https:\/\/mellt.de\/de\/wp-json\/wp\/v2\/pages\/1202\/revisions\/1203"}],"up":[{"embeddable":true,"href":"https:\/\/mellt.de\/de\/wp-json\/wp\/v2\/pages\/246"}],"wp:attachment":[{"href":"https:\/\/mellt.de\/de\/wp-json\/wp\/v2\/media?parent=1202"}],"curies":[{"name":"wp","href":"https:\/\/api.w.org\/{rel}","templated":true}]}}