{"id":20,"date":"2024-08-14T15:44:01","date_gmt":"2024-08-14T13:44:01","guid":{"rendered":"https:\/\/mellt.de\/?page_id=20"},"modified":"2025-08-07T17:35:47","modified_gmt":"2025-08-07T15:35:47","slug":"impressum","status":"publish","type":"page","link":"https:\/\/mellt.de\/de\/impressum\/","title":{"rendered":"Impressum"},"content":{"rendered":"<style>.wp-block-kadence-advancedheading.kt-adv-heading20_805703-c3, .wp-block-kadence-advancedheading.kt-adv-heading20_805703-c3[data-kb-block=\"kb-adv-heading20_805703-c3\"]{margin-top:var(--global-kb-spacing-sm, 1.5rem);margin-bottom:var(--global-kb-spacing-xl, 4rem);text-align:center;font-size:var(--global-kb-font-size-xl, 3rem);font-style:normal;text-transform:none;}.wp-block-kadence-advancedheading.kt-adv-heading20_805703-c3 mark.kt-highlight, .wp-block-kadence-advancedheading.kt-adv-heading20_805703-c3[data-kb-block=\"kb-adv-heading20_805703-c3\"] mark.kt-highlight{font-style:normal;color:#f76a0c;-webkit-box-decoration-break:clone;box-decoration-break:clone;padding-top:0px;padding-right:0px;padding-bottom:0px;padding-left:0px;}.wp-block-kadence-advancedheading.kt-adv-heading20_805703-c3 img.kb-inline-image, .wp-block-kadence-advancedheading.kt-adv-heading20_805703-c3[data-kb-block=\"kb-adv-heading20_805703-c3\"] img.kb-inline-image{width:150px;vertical-align:baseline;}<\/style>\n<h1 class=\"kt-adv-heading20_805703-c3 wp-block-kadence-advancedheading\" data-kb-block=\"kb-adv-heading20_805703-c3\">Impressum<\/h1>\n\n\n\n<p>Prof. Dr. Susanne Heinz<br>Chair of Teaching English as a Foreign Language<br>Englisches Seminar<br>Christian-Albrechts-Universit\u00e4t zu Kiel<br>Leibnizstr. 10<br>24118 Kiel<\/p>\n\n\n\n<p>Kontakt: impressum at mellt.de<\/p>\n\n\n\n<p><br><strong>Urheberrecht<\/strong><\/p>\n\n\n\n<p>Die durch die Seitenbetreiber erstellten Inhalte und Werke auf diesen Seiten unterliegen dem deutschen Urheberrecht. Die Vervielf\u00e4ltigung, Bearbeitung, Verbreitung und jede Art der Verwertung au\u00dferhalb der Grenzen des Urheberrechtes bed\u00fcrfen der schriftlichen Zustimmung des jeweiligen Autors bzw. Erstellers. Downloads und Kopien dieser Seite sind nur f\u00fcr den privaten, nicht kommerziellen Gebrauch gestattet. Soweit die Inhalte auf dieser Seite nicht vom Betreiber erstellt wurden, werden die Urheberrechte Dritter beachtet. Insbesondere werden Inhalte Dritter als solche gekennzeichnet. Sollten Sie trotzdem auf eine Urheberrechtsverletzung aufmerksam werden, bitten wir um einen entsprechenden Hinweis. Bei Bekanntwerden von Rechtsverletzungen werden wir derartige Inhalte umgehend entfernen.<\/p>\n","protected":false},"excerpt":{"rendered":"<p>Impressum Prof. Dr. Susanne HeinzChair of Teaching English as a Foreign LanguageEnglisches SeminarChristian-Albrechts-Universit\u00e4t zu KielLeibnizstr. 1024118 Kiel Kontakt: impressum at mellt.de Urheberrecht Die durch die Seitenbetreiber erstellten Inhalte und Werke auf diesen Seiten unterliegen dem deutschen Urheberrecht. Die Vervielf\u00e4ltigung, Bearbeitung, Verbreitung und jede Art der Verwertung au\u00dferhalb der Grenzen des Urheberrechtes bed\u00fcrfen der schriftlichen Zustimmung&#8230;<\/p>\n","protected":false},"author":1,"featured_media":0,"parent":0,"menu_order":90,"comment_status":"closed","ping_status":"closed","template":"","meta":{"_kad_blocks_custom_css":"","_kad_blocks_head_custom_js":"","_kad_blocks_body_custom_js":"","_kad_blocks_footer_custom_js":"","_kad_post_transparent":"","_kad_post_title":"","_kad_post_layout":"","_kad_post_sidebar_id":"","_kad_post_content_style":"","_kad_post_vertical_padding":"","_kad_post_feature":"","_kad_post_feature_position":"","_kad_post_header":false,"_kad_post_footer":false,"_kad_post_classname":"","footnotes":""},"class_list":["post-20","page","type-page","status-publish","hentry"],"taxonomy_info":[],"featured_image_src_large":false,"author_info":{"display_name":"SiteAdmin","author_link":"https:\/\/mellt.de\/de\/author\/sbx1gbz6n\/"},"comment_info":0,"_links":{"self":[{"href":"https:\/\/mellt.de\/de\/wp-json\/wp\/v2\/pages\/20","targetHints":{"allow":["GET"]}}],"collection":[{"href":"https:\/\/mellt.de\/de\/wp-json\/wp\/v2\/pages"}],"about":[{"href":"https:\/\/mellt.de\/de\/wp-json\/wp\/v2\/types\/page"}],"author":[{"embeddable":true,"href":"https:\/\/mellt.de\/de\/wp-json\/wp\/v2\/users\/1"}],"replies":[{"embeddable":true,"href":"https:\/\/mellt.de\/de\/wp-json\/wp\/v2\/comments?post=20"}],"version-history":[{"count":5,"href":"https:\/\/mellt.de\/de\/wp-json\/wp\/v2\/pages\/20\/revisions"}],"predecessor-version":[{"id":1214,"href":"https:\/\/mellt.de\/de\/wp-json\/wp\/v2\/pages\/20\/revisions\/1214"}],"wp:attachment":[{"href":"https:\/\/mellt.de\/de\/wp-json\/wp\/v2\/media?parent=20"}],"curies":[{"name":"wp","href":"https:\/\/api.w.org\/{rel}","templated":true}]}}