{"id":59,"date":"2024-08-16T15:30:32","date_gmt":"2024-08-16T13:30:32","guid":{"rendered":"https:\/\/mellt.de\/?page_id=59"},"modified":"2025-06-27T11:38:48","modified_gmt":"2025-06-27T09:38:48","slug":"projekt","status":"publish","type":"page","link":"https:\/\/mellt.de\/de\/","title":{"rendered":"Projekt MELLT"},"content":{"rendered":"<style>.wp-block-kadence-advancedheading.kt-adv-heading59_4332e9-e8, .wp-block-kadence-advancedheading.kt-adv-heading59_4332e9-e8[data-kb-block=\"kb-adv-heading59_4332e9-e8\"]{margin-top:var(--global-kb-spacing-sm, 1.5rem);margin-right:var(--global-kb-spacing-md, 2rem);margin-bottom:var(--global-kb-spacing-xl, 4rem);margin-left:var(--global-kb-spacing-md, 2rem);text-align:center;font-size:var(--global-kb-font-size-xl, 3rem);font-style:normal;text-transform:none;}.wp-block-kadence-advancedheading.kt-adv-heading59_4332e9-e8 mark.kt-highlight, .wp-block-kadence-advancedheading.kt-adv-heading59_4332e9-e8[data-kb-block=\"kb-adv-heading59_4332e9-e8\"] mark.kt-highlight{font-style:normal;color:#f76a0c;-webkit-box-decoration-break:clone;box-decoration-break:clone;padding-top:0px;padding-right:0px;padding-bottom:0px;padding-left:0px;}.wp-block-kadence-advancedheading.kt-adv-heading59_4332e9-e8 img.kb-inline-image, .wp-block-kadence-advancedheading.kt-adv-heading59_4332e9-e8[data-kb-block=\"kb-adv-heading59_4332e9-e8\"] img.kb-inline-image{width:150px;vertical-align:baseline;}<\/style>\n<h1 class=\"kt-adv-heading59_4332e9-e8 wp-block-kadence-advancedheading\" data-kb-block=\"kb-adv-heading59_4332e9-e8\">Mobile Enhanced Language Learning (MELLT) goes OEP: Zukunftskompetenzen f\u00fcr angehende Englischlehrkr\u00e4fte und den Englischunterricht<\/h1>\n\n\n\n<p>Das Projekt fand von 2021 bis 2023 in der  <a href=\"https:\/\/www.anglistik.uni-kiel.de\/de\/fachgebiete\/fachdidaktik\/forschung\">Fachdidaktik Englisch<\/a> der Christian-Albrechts-Universit\u00e4t zu Kiel  in Kooperation mit dem Zentrum f\u00fcr Lehrerbildung und der SH\/GB Qualit\u00e4tsentwicklung\/IPN statt. Die erstellten OER-Materialien wurden auch auf der <a href=\"https:\/\/www.gute-lehre-lehramt.uni-kiel.de\/oer-plattform\/\">fOERde-Plattform<\/a> ver\u00f6ffentlich, sind jedoch auf dieser Website zum leichteren <a href=\"https:\/\/mellt.de\/de\/materialien\/\" data-type=\"page\" data-id=\"65\">Download als Pakete<\/a> vorhanden.<\/p>\n\n\n<style>.wp-block-kadence-advancedheading.kt-adv-heading59_b627fc-70, .wp-block-kadence-advancedheading.kt-adv-heading59_b627fc-70[data-kb-block=\"kb-adv-heading59_b627fc-70\"]{font-style:normal;}.wp-block-kadence-advancedheading.kt-adv-heading59_b627fc-70 mark.kt-highlight, .wp-block-kadence-advancedheading.kt-adv-heading59_b627fc-70[data-kb-block=\"kb-adv-heading59_b627fc-70\"] mark.kt-highlight{font-style:normal;color:#f76a0c;-webkit-box-decoration-break:clone;box-decoration-break:clone;padding-top:0px;padding-right:0px;padding-bottom:0px;padding-left:0px;}.wp-block-kadence-advancedheading.kt-adv-heading59_b627fc-70 img.kb-inline-image, .wp-block-kadence-advancedheading.kt-adv-heading59_b627fc-70[data-kb-block=\"kb-adv-heading59_b627fc-70\"] img.kb-inline-image{width:150px;vertical-align:baseline;}<\/style>\n<h2 class=\"kt-adv-heading59_b627fc-70 wp-block-kadence-advancedheading\" data-kb-block=\"kb-adv-heading59_b627fc-70\">Das Projekt MELLT<\/h2>\n\n\n<style>.wp-block-kadence-advancedheading.kt-adv-heading59_489407-fe, .wp-block-kadence-advancedheading.kt-adv-heading59_489407-fe[data-kb-block=\"kb-adv-heading59_489407-fe\"]{font-style:normal;}.wp-block-kadence-advancedheading.kt-adv-heading59_489407-fe mark.kt-highlight, .wp-block-kadence-advancedheading.kt-adv-heading59_489407-fe[data-kb-block=\"kb-adv-heading59_489407-fe\"] mark.kt-highlight{font-style:normal;color:#f76a0c;-webkit-box-decoration-break:clone;box-decoration-break:clone;padding-top:0px;padding-right:0px;padding-bottom:0px;padding-left:0px;}.wp-block-kadence-advancedheading.kt-adv-heading59_489407-fe img.kb-inline-image, .wp-block-kadence-advancedheading.kt-adv-heading59_489407-fe[data-kb-block=\"kb-adv-heading59_489407-fe\"] img.kb-inline-image{width:150px;vertical-align:baseline;}<\/style>\n<p class=\"kt-adv-heading59_489407-fe wp-block-kadence-advancedheading\" data-kb-block=\"kb-adv-heading59_489407-fe\">\u00dcbergreifendes Ziel des Projektes war und ist die F\u00f6rderung medien- und fremdsprachendidaktischer Kompetenzen, unter anderen durch die Entwicklung von anpassbaren Lern- und Lehrmaterialien f\u00fcr die Bedarfe von Lehrkr\u00e4ften. Solche <a href=\"\/materialien\/\" data-type=\"page\" data-id=\"65\">Materialien<\/a> sind f\u00fcr die digitalisierte Gesellschaft und im Rahmen der Professionalisierung angehender Lehrkr\u00e4fte besonders wichtig und werden zuk\u00fcnftig sicher noch an Bedeutung gewinnen.<\/p>\n\n\n<style>.wp-block-kadence-advancedheading.kt-adv-heading59_2b5b0a-73, .wp-block-kadence-advancedheading.kt-adv-heading59_2b5b0a-73[data-kb-block=\"kb-adv-heading59_2b5b0a-73\"]{font-style:normal;}.wp-block-kadence-advancedheading.kt-adv-heading59_2b5b0a-73 mark.kt-highlight, .wp-block-kadence-advancedheading.kt-adv-heading59_2b5b0a-73[data-kb-block=\"kb-adv-heading59_2b5b0a-73\"] mark.kt-highlight{font-style:normal;color:#f76a0c;-webkit-box-decoration-break:clone;box-decoration-break:clone;padding-top:0px;padding-right:0px;padding-bottom:0px;padding-left:0px;}.wp-block-kadence-advancedheading.kt-adv-heading59_2b5b0a-73 img.kb-inline-image, .wp-block-kadence-advancedheading.kt-adv-heading59_2b5b0a-73[data-kb-block=\"kb-adv-heading59_2b5b0a-73\"] img.kb-inline-image{width:150px;vertical-align:baseline;}<\/style>\n<p class=\"kt-adv-heading59_2b5b0a-73 wp-block-kadence-advancedheading\" data-kb-block=\"kb-adv-heading59_2b5b0a-73\">Die zweigleisige Struktur des Projektes sah dabei einerseits die <a href=\"https:\/\/mellt.de\/de\/digilab\/\" data-type=\"page\" data-id=\"63\">Entwicklung fachdidaktischer Selbstlernmaterialien<\/a> zu aktuellen fachdidaktischen Theorien, Modellen und Methoden (z.B.&nbsp;<em>digital literacies<\/em>) vor. Diese kann Studierenden als Unterst\u00fctzung in ihrem Lehramtsstudium dienen und f\u00fcr Lehrkr\u00e4fte eine zus\u00e4tzliche M\u00f6glichkeit selbstgesteuerter Weiterbildung bedeuten. <\/p>\n\n\n<style>.wp-block-kadence-advancedheading.kt-adv-heading59_a62608-73, .wp-block-kadence-advancedheading.kt-adv-heading59_a62608-73[data-kb-block=\"kb-adv-heading59_a62608-73\"]{font-style:normal;}.wp-block-kadence-advancedheading.kt-adv-heading59_a62608-73 mark.kt-highlight, .wp-block-kadence-advancedheading.kt-adv-heading59_a62608-73[data-kb-block=\"kb-adv-heading59_a62608-73\"] mark.kt-highlight{font-style:normal;color:#f76a0c;-webkit-box-decoration-break:clone;box-decoration-break:clone;padding-top:0px;padding-right:0px;padding-bottom:0px;padding-left:0px;}.wp-block-kadence-advancedheading.kt-adv-heading59_a62608-73 img.kb-inline-image, .wp-block-kadence-advancedheading.kt-adv-heading59_a62608-73[data-kb-block=\"kb-adv-heading59_a62608-73\"] img.kb-inline-image{width:150px;vertical-align:baseline;}<\/style>\n<h2 class=\"kt-adv-heading59_a62608-73 wp-block-kadence-advancedheading\" data-kb-block=\"kb-adv-heading59_a62608-73\">OER f\u00fcr den Englischunterricht<\/h2>\n\n\n\n<p>Im Zentrum des Projekts werden seit 2022 Materialien f\u00fcr den digital gest\u00fctzten Englischunterricht kooperativ mit Studierenden in den fachdidaktischen Seminaren des Master of Education auf Basis erstellt. In Kooperation mit Lehrkr\u00e4ften an Schulen und am IQSH entstehen zudem am Lehrstuhl f\u00fcr Fachdidaktik Englisch im Rahmen der betreuten Masterarbeiten Unterrichtseinheiten als OER-Materialien. Die kontinuierliche Evaluation der Materialien durch die enge Zusammenarbeit von Fachdidaktik-Team, Englischstudierenden und Lehrkr\u00e4ften an den Schulen ist hierbei ein entscheidendes Merkmal zur Qualit\u00e4tssicherung und erm\u00f6glicht zugleich Englischstudierenden berufspraktische erste Erfahrungen in der Erstellung von Unterrichtsmaterialien in der ersten Ausbildungsphase zu sammeln.<\/p>\n\n\n<style>.wp-block-kadence-advancedheading.kt-adv-heading59_3b5854-db, .wp-block-kadence-advancedheading.kt-adv-heading59_3b5854-db[data-kb-block=\"kb-adv-heading59_3b5854-db\"]{font-style:normal;}.wp-block-kadence-advancedheading.kt-adv-heading59_3b5854-db mark.kt-highlight, .wp-block-kadence-advancedheading.kt-adv-heading59_3b5854-db[data-kb-block=\"kb-adv-heading59_3b5854-db\"] mark.kt-highlight{font-style:normal;color:#f76a0c;-webkit-box-decoration-break:clone;box-decoration-break:clone;padding-top:0px;padding-right:0px;padding-bottom:0px;padding-left:0px;}.wp-block-kadence-advancedheading.kt-adv-heading59_3b5854-db img.kb-inline-image, .wp-block-kadence-advancedheading.kt-adv-heading59_3b5854-db[data-kb-block=\"kb-adv-heading59_3b5854-db\"] img.kb-inline-image{width:150px;vertical-align:baseline;}<\/style>\n<p class=\"kt-adv-heading59_3b5854-db wp-block-kadence-advancedheading\" data-kb-block=\"kb-adv-heading59_3b5854-db\">Letztlich tr\u00e4gt die Publikation der <a href=\"https:\/\/mellt.de\/de\/materialien\/\" data-type=\"page\" data-id=\"65\">entwickelten Materialien<\/a> als dauerhaft nutz- und adaptierbare OER nicht nur zur Bildungsgerechtigkeit bei, sondern erm\u00f6glicht eine niedrigschwellige Verf\u00fcgbarkeit f\u00fcr Studierende, praktizierende Lehrkr\u00e4fte und auch Interessierte au\u00dferhalb des formellen Bildungsbereiches. Die Unterst\u00fctzung von Lehrkr\u00e4ften bei der Beschaffung qualitativ hochwertiger OER ist daher ein besonders wichtiges Anliegen des Projektes, da das Finden ebensolcher auf deutschen Servern noch immer mit H\u00fcrden verbunden ist. Zudem k\u00f6nnen Ver\u00f6ffentlichungen, die theoretisch fundierte und gr\u00fcndlich evaluierte Materialien enthalten, eine gewisse Sicherheit f\u00fcr die Nutzenden im Hinblick auf die Problematik der Qualit\u00e4t von im Internet ver\u00f6ffentlichten Bildungsmaterialien bieten.<\/p>\n\n\n<style>.wp-block-kadence-advancedheading.kt-adv-heading59_3e4a22-f5, .wp-block-kadence-advancedheading.kt-adv-heading59_3e4a22-f5[data-kb-block=\"kb-adv-heading59_3e4a22-f5\"]{font-style:normal;}.wp-block-kadence-advancedheading.kt-adv-heading59_3e4a22-f5 mark.kt-highlight, .wp-block-kadence-advancedheading.kt-adv-heading59_3e4a22-f5[data-kb-block=\"kb-adv-heading59_3e4a22-f5\"] mark.kt-highlight{font-style:normal;color:#f76a0c;-webkit-box-decoration-break:clone;box-decoration-break:clone;padding-top:0px;padding-right:0px;padding-bottom:0px;padding-left:0px;}.wp-block-kadence-advancedheading.kt-adv-heading59_3e4a22-f5 img.kb-inline-image, .wp-block-kadence-advancedheading.kt-adv-heading59_3e4a22-f5[data-kb-block=\"kb-adv-heading59_3e4a22-f5\"] img.kb-inline-image{width:150px;vertical-align:baseline;}<\/style>\n<h2 class=\"kt-adv-heading59_3e4a22-f5 wp-block-kadence-advancedheading\" data-kb-block=\"kb-adv-heading59_3e4a22-f5\">Weitere Informationen<\/h2>\n\n\n\n<p>Weitere Informationen und Projekte finden Sie als \u00dcbersicht auf den Seiten der <a href=\"https:\/\/www.anglistik.uni-kiel.de\/de\/fachgebiete\/fachdidaktik\/forschung\" target=\"_blank\" rel=\"noreferrer noopener\">Fachdidaktik Englisch an der CAU<\/a>. <\/p>\n\n\n\n<p>Die Entwicklung von Lehrmaterialien f\u00fcr den Fremdsprachenunterricht und die forschungsbasierte sowie projektorientierte Lehrkr\u00e4ftebildung wurden beispielsweise durch ein Schwesterprojekt zwischen 2020 und 2023 im Rahmen des Aufbaus des Digitallabors vorangetrieben. Ebenso hat sich die Fachdidaktik am Englischen Seminar in einem von Sean Holt durchgef\u00fchrten Projekt mit der Nutzung von Online-Wikis f\u00fcr Kollaboratives Schreiben (2020 &#8211; 2022) befasst.<\/p>\n\n\n\n<p>Fortlaufend wird an der Materialentwicklung f\u00fcr den literatur- und kulturdidaktischen Englischunterricht der Sekundarstufe I und II sowie Lehrerhandreichungen in Zusammenarbeit mit mehreren Fachverlagen gearbeitet. Seit 2016 l\u00e4uft das Projekt zur Erforschung von Auswahlkriterien f\u00fcr einen f\u00fcr den Englischunterricht der Sekundarstufe I und II geeigneten Textkorpus an multimodalen literarischen Texten.<\/p>\n\n\n<style>.wp-block-kadence-advancedheading.kt-adv-heading59_26ffb6-6a, .wp-block-kadence-advancedheading.kt-adv-heading59_26ffb6-6a[data-kb-block=\"kb-adv-heading59_26ffb6-6a\"]{font-style:normal;}.wp-block-kadence-advancedheading.kt-adv-heading59_26ffb6-6a mark.kt-highlight, .wp-block-kadence-advancedheading.kt-adv-heading59_26ffb6-6a[data-kb-block=\"kb-adv-heading59_26ffb6-6a\"] mark.kt-highlight{font-style:normal;color:#f76a0c;-webkit-box-decoration-break:clone;box-decoration-break:clone;padding-top:0px;padding-right:0px;padding-bottom:0px;padding-left:0px;}.wp-block-kadence-advancedheading.kt-adv-heading59_26ffb6-6a img.kb-inline-image, .wp-block-kadence-advancedheading.kt-adv-heading59_26ffb6-6a[data-kb-block=\"kb-adv-heading59_26ffb6-6a\"] img.kb-inline-image{width:150px;vertical-align:baseline;}<\/style>\n<h2 class=\"kt-adv-heading59_26ffb6-6a wp-block-kadence-advancedheading\" data-kb-block=\"kb-adv-heading59_26ffb6-6a\">Dokumentation<\/h2>\n\n\n\n<p>Die vorliegende Website stellt eine Dokumentation der Ergebnisse des Projektes MELLT dar und wird nur im geringen Umfang noch erweitert. Sie finden auf dieser Seite neben den <a href=\"https:\/\/mellt.de\/de\/materialien\/\" data-type=\"page\" data-id=\"65\">OER-Materialien<\/a> f\u00fcr den Englischunterricht (sortiert nach Verwendungsm\u00f6glichkeiten) auch Informationen <a href=\"https:\/\/mellt.de\/de\/infos-zu-oer\/\" data-type=\"page\" data-id=\"61\">allgemein zur OER<\/a> und <a href=\"https:\/\/mellt.de\/de\/links\/\" data-type=\"page\" data-id=\"67\">weiterf\u00fchrende Links zum Thema<\/a>. Ein \u00dcberblick \u00fcber die <a href=\"https:\/\/mellt.de\/de\/veranstaltungen\/\" data-type=\"page\" data-id=\"246\">durchgef\u00fchrten Veranstaltungen<\/a> und das <a href=\"https:\/\/mellt.de\/de\/digilab\/\" data-type=\"page\" data-id=\"63\">Digitallabor<\/a> runden die Dokumentation ab. <\/p>\n\n\n\n<p><\/p>\n","protected":false},"excerpt":{"rendered":"<p>Mobile Enhanced Language Learning (MELLT) goes OEP: Zukunftskompetenzen f\u00fcr angehende Englischlehrkr\u00e4fte und den Englischunterricht Das Projekt fand von 2021 bis 2023 in der Fachdidaktik Englisch der Christian-Albrechts-Universit\u00e4t zu Kiel in Kooperation mit dem Zentrum f\u00fcr Lehrerbildung und der SH\/GB Qualit\u00e4tsentwicklung\/IPN statt. Die erstellten OER-Materialien wurden auch auf der fOERde-Plattform ver\u00f6ffentlich, sind jedoch auf dieser Website&#8230;<\/p>\n","protected":false},"author":1,"featured_media":0,"parent":0,"menu_order":21,"comment_status":"closed","ping_status":"closed","template":"","meta":{"_kad_blocks_custom_css":"","_kad_blocks_head_custom_js":"","_kad_blocks_body_custom_js":"","_kad_blocks_footer_custom_js":"","_kad_post_transparent":"","_kad_post_title":"","_kad_post_layout":"","_kad_post_sidebar_id":"","_kad_post_content_style":"","_kad_post_vertical_padding":"","_kad_post_feature":"","_kad_post_feature_position":"","_kad_post_header":false,"_kad_post_footer":false,"_kad_post_classname":"","footnotes":""},"class_list":["post-59","page","type-page","status-publish","hentry"],"taxonomy_info":[],"featured_image_src_large":false,"author_info":{"display_name":"SiteAdmin","author_link":"https:\/\/mellt.de\/de\/author\/sbx1gbz6n\/"},"comment_info":0,"_links":{"self":[{"href":"https:\/\/mellt.de\/de\/wp-json\/wp\/v2\/pages\/59","targetHints":{"allow":["GET"]}}],"collection":[{"href":"https:\/\/mellt.de\/de\/wp-json\/wp\/v2\/pages"}],"about":[{"href":"https:\/\/mellt.de\/de\/wp-json\/wp\/v2\/types\/page"}],"author":[{"embeddable":true,"href":"https:\/\/mellt.de\/de\/wp-json\/wp\/v2\/users\/1"}],"replies":[{"embeddable":true,"href":"https:\/\/mellt.de\/de\/wp-json\/wp\/v2\/comments?post=59"}],"version-history":[{"count":26,"href":"https:\/\/mellt.de\/de\/wp-json\/wp\/v2\/pages\/59\/revisions"}],"predecessor-version":[{"id":1180,"href":"https:\/\/mellt.de\/de\/wp-json\/wp\/v2\/pages\/59\/revisions\/1180"}],"wp:attachment":[{"href":"https:\/\/mellt.de\/de\/wp-json\/wp\/v2\/media?parent=59"}],"curies":[{"name":"wp","href":"https:\/\/api.w.org\/{rel}","templated":true}]}}